{"id":596,"date":"2026-03-23T11:22:16","date_gmt":"2026-03-23T10:22:16","guid":{"rendered":"https:\/\/legal.airzonecontrol.com\/?page_id=596"},"modified":"2026-03-23T11:42:56","modified_gmt":"2026-03-23T10:42:56","slug":"bases-plano-renove","status":"publish","type":"page","link":"https:\/\/legal.airzonecontrol.com\/pt-pt\/bases-plano-renove\/","title":{"rendered":"CONDIZIONI PIANO RINNOVO"},"content":{"rendered":"\n<div class=\"wp-block-group is-layout-constrained wp-block-group-is-layout-constrained\">\n<h2 class=\"wp-block-heading\">PIANO RINNOVO<\/h2>\n\n\n\n<p>L\u2019azienda AIRZONE ITALIA S.R.L (Airzone in poi) con residenza fiscale e amministrativa in Viale dell\u2019 Innovazione, 13 \u2013 20126 , Milano (Italia), Tel.: +39 02568 14756, C.F e P.I: 05061570965 indirizzo email: info@airzoneitalia.it, organizza questa azione promozionale in tutto il territorio Italiano, rivolto esclusivamente ad un pubblico maggiorenne , e che sar\u00e0 definita per quanto specificato in questo documento.<\/p>\n\n\n\n<h3 class=\"wp-block-heading\">1. DENOMINAZIONE DELLA PROMOZIONE<\/h3>\n\n\n\n<p>Piano Rinnovo. Oltre allo sconto di 79,30 \u20ac (Imposta inclusa) per ogni zona rinnovata, otterrai per il tuo sistema il controllo della qualit\u00e0 dell&#8217;aria: AirQ Box + AirQ Sensor, la possibilit\u00e0 di controllare la climatizzazione a distanza o tramite comandi vocali, ad esempio con Amazon Alexa o Google Assistant, e il misuratore di consumi (quest&#8217;ultimo completamente gratuito).<\/p>\n\n\n\n<h3 class=\"wp-block-heading\">2. AZIENDA ORGANIZZATRICE<\/h3>\n\n\n\n<p>Airzone Italia, S.R.L. (in poi Airzone) con P.I: 05061570965 e residenza fiscale in Viale dell\u2019Innovazione, 13 \u2013 20126, Milano (Italia).<\/p>\n\n\n\n<h3 class=\"wp-block-heading\">3. DESCRIZIONE DELL\u2019OFFERTA<\/h3>\n\n\n\n<p>Per il rinnovo dell&#8217;impianto Airzone, viene applicato un prezzo speciale che comprende il costo del materiale da sostituire: schede centrali, moduli, termostati, motorizzazioni e cavi. Il costo della manodopera per la sostituzione dei componenti necessari per l&#8217;aggiornamento del sistema sar\u00e0 stimato dall&#8217;azienda installatrice e dipender\u00e0 da quest\u2019ultima.<br><br>PREZZO DI RINNOVO = PREZZO DI LISTINO AIRZONE \u2013 COSTO DEL MISURATORE DI CONSUMO \u2013 CREDITO PER TERMOSTATO.<br><br>Il costo della manodopera dell&#8217;azienda installatrice non \u00e8 incluso nel prezzo di rinnovo e non fa parte della promozione. Lo sconto sul prezzo finale del rinnovo \u00e8 di:<br><br>&#8211; 79,30\u20ac (Imposta inclusa) per ogni termostato Airzone rinnovato che sia consegnatoinsieme alla scheda elettronica da rinnovare.<br><br>&#8211; Lo sconto corrisponde al prezzo del misuratore di consumo.*<br><br>Airzone applica lo sconto e il credito direttamente al suo cliente, ovvero l&#8217;azienda installatrice o il distributore professionale. A sua volta, il professionista trasferir\u00e0 questo sconto al suo cliente, cio\u00e8 all&#8217;utente finale.<\/p>\n\n\n\n<h3 class=\"wp-block-heading\">4. LEGITTIMAZIONE PER PARTICIPARE<\/h3>\n\n\n\n<p>Potranno partecipare alla promozione persone giuridiche e persone fisiche, maggiorenni, con residenza sul territorio italiano possessori di un impianto Airzone* obsoleto e che si registrino previamente per l\u2019installazione di un sistema della gamma attuale durante il periodo di validit\u00e0 della promozione.<br><br>*Il rinnovo di un sistema zonizzato non Airzone seguir\u00e0 la stessa procedura ad eccezione della scheda Webserver che non sar\u00e0 riconosciuta a titolo gratuito in quei casi.<\/p>\n\n\n\n<h3 class=\"wp-block-heading\">5. DURATA DELLA PROMOZIONE<\/h3>\n\n\n\n<p>Fino al 31\/12\/2026<\/p>\n\n\n\n<h3 class=\"wp-block-heading\">6. PROCEDURA DELLA PROMOZIONE<\/h3>\n\n\n\n<p>6.1. Potranno partecipare nella promozione persone fisiche e giuridiche, maggiorenni, residenti in territorio italiano, che si registrino tramite accesso www.airzonecontrol.com\/it\/it\/comprare\/piano-rinnovo\/ I partecipanti dovranno fornire i seguenti dati:<br>&#8211; Nome (obbligatorio)<br>&#8211; Cognome (obbligatorio)<br>&#8211; Indirizzo mail(obbligatorio)<br>&#8211; Codice postale (obbligatorio)<br>E dovranno accettare le condizioni della promozione.<br><br>6.2. A seguito della registrazione, i richiedenti riceveranno una mail con il codice Rinnovo assegnato. E solo tramite questo codice che saranno riconosciute le condizioni della promozione. Il periodo di validit\u00e0 del codice del Piano Rinnovo \u00e8 di 8 settimane. Se passato questo periodo non \u00e8 stato utilizzato sar\u00e0 invalidato.<br><br>6.3 Il professionista installatore che prender\u00e0 in carico la pratica sar\u00e0 a scelta dell\u2019utente finale. Nel caso quest\u2019ultimo non fosse possibile potr\u00e0 contattare la nostra rete di installatori qualificati https:\/\/www.airzonecontrol.com\/it\/it\/contatto\/airzone-sul- territorio\/installatori-qualificati\/<br><br>Il professionista installatore sar\u00e0 un cliente Airzone. L\u2019acquisto del nuovo sistema dovr\u00e0 essere fatto tassativamente tramite Airzone Italia, mai da un terzo. Infine, a clienti con crediti aperti non sar\u00e0 riconosciuto il servizio.<br><br>Il cliente diretto di Airzone deve acquistare l&#8217;intero ordine di rinnovo, ovvero tutte le parti che lo compongono, compreso il corrispondente Airzone Cloud WebServer, ed essere in regola con i pagamenti e non trovarsi in alcuna situazione di contenzioso o conflitto con l&#8217;azienda.<br><br>6.4. Procedura restituzione sistema obsoleto: tutti i componenti appartenenti al vecchio sistema disinstallato dovranno essere pervenuti al seguente indirizzo, Calle Marie Curie n.\u00ba 21 \u2013 29590 Campanillas (Malaga) \u2013 SPAGNA. Tel. 02 5681 4756.<br><br>I clienti potranno restituire la merce nel seguente modo:<br><br>1. Recarsi sul portale Airzone Myzone previa registrazione.<br>2. Selezionare la voce LA MIA AREA.<br>3. Scorrere verso il basso ed individuare la sezione<br><br>PIANO DI RINNOVO. I costi di trasporto saranno a carico dell\u2019azienda Airzone Italia.<\/p>\n\n\n\n<h3 class=\"wp-block-heading\">7. PROTEZIONE DEL DATI PERSONALI<\/h3>\n\n\n\n<p>Potrete consultare tutte le informazioni in merito alla gestione privacy cliccando su Politica sulla privacy.<\/p>\n\n\n\n<h3 class=\"wp-block-heading\">8. DISPOSIZIONI GENERALI<\/h3>\n\n\n\n<p>8.1. I partecipanti che non rispettano le condizioni precedentemente elencate perderanno automaticamente il diritto di usufruire alla promozione ed eventualmente saranno perseguibili a norma di legge.<br><br>8.2. Il cliente partecipando alla promozione accetta le condizioni di questo documento senza alcun indugio.<br><br>8.3. Questa promozione si avvale della legge Italiana, che verr\u00e0 applicata in caso tali condizioni non vengano rispettate per quanto riguarda la interpretazione, validit\u00e0 ed esecuzione della promozione.<br><br>8.4. Per qualsiasi controversia che possa scaturire nella interpretazione o applicazione delle condizioni sopra elencate i partecipanti saranno indirizzati all\u2019ufficio giudiziario di competenza di Milano.<br><br>Data dell\u2019ultimo aggiornamento: 06\/06\/2026.<\/p>\n<\/div>\n","protected":false},"excerpt":{"rendered":"<p>PIANO RINNOVO L\u2019azienda AIRZONE ITALIA S.R.L (Airzone in poi) con residenza fiscale e amministrativa in Viale dell\u2019 Innovazione, 13 \u2013 20126 , Milano (Italia), Tel.: +39 02568 14756, C.F e P.I: 05061570965 indirizzo email: info@airzoneitalia.it, organizza questa azione promozionale in tutto il territorio Italiano, rivolto esclusivamente ad un pubblico maggiorenne , e che sar\u00e0 definita [&hellip;]<\/p>\n","protected":false},"author":2,"featured_media":0,"parent":0,"menu_order":0,"comment_status":"closed","ping_status":"closed","template":"page-legal-no-menu","meta":{"footnotes":""},"class_list":["post-596","page","type-page","status-publish","hentry"],"_links":{"self":[{"href":"https:\/\/legal.airzonecontrol.com\/pt-pt\/wp-json\/wp\/v2\/pages\/596","targetHints":{"allow":["GET"]}}],"collection":[{"href":"https:\/\/legal.airzonecontrol.com\/pt-pt\/wp-json\/wp\/v2\/pages"}],"about":[{"href":"https:\/\/legal.airzonecontrol.com\/pt-pt\/wp-json\/wp\/v2\/types\/page"}],"author":[{"embeddable":true,"href":"https:\/\/legal.airzonecontrol.com\/pt-pt\/wp-json\/wp\/v2\/users\/2"}],"replies":[{"embeddable":true,"href":"https:\/\/legal.airzonecontrol.com\/pt-pt\/wp-json\/wp\/v2\/comments?post=596"}],"version-history":[{"count":2,"href":"https:\/\/legal.airzonecontrol.com\/pt-pt\/wp-json\/wp\/v2\/pages\/596\/revisions"}],"predecessor-version":[{"id":599,"href":"https:\/\/legal.airzonecontrol.com\/pt-pt\/wp-json\/wp\/v2\/pages\/596\/revisions\/599"}],"wp:attachment":[{"href":"https:\/\/legal.airzonecontrol.com\/pt-pt\/wp-json\/wp\/v2\/media?parent=596"}],"curies":[{"name":"wp","href":"https:\/\/api.w.org\/{rel}","templated":true}]}}