{"id":603,"date":"2026-03-23T11:22:16","date_gmt":"2026-03-23T10:22:16","guid":{"rendered":"https:\/\/legal.airzonecontrol.com\/?page_id=603"},"modified":"2026-03-23T12:03:36","modified_gmt":"2026-03-23T11:03:36","slug":"base-juridique-plan-renov","status":"publish","type":"page","link":"https:\/\/legal.airzonecontrol.com\/fr\/base-juridique-plan-renov\/","title":{"rendered":"BASES JURIDIQUES DU PLAN R\u00c9NOV\u2019"},"content":{"rendered":"\n<div class=\"wp-block-group is-layout-constrained wp-block-group-is-layout-constrained\">\n<h2 class=\"wp-block-heading\">PLAN DE RENOUVELLEMENT<\/h2>\n\n\n\n<h3 class=\"wp-block-heading\">1. NOM DE LAPROMOTION<\/h3>\n\n\n\n<p>Plan de renouvellement. En plus de la remise de 78\u20ac TTC incluse par zone r\u00e9nov\u00e9e, votre syst\u00e8me b\u00e9n\u00e9ficiera d&rsquo;une qualit\u00e9 de l&rsquo;air optimale : AirQ Box + AirQ Sensor, la possibilit\u00e9 de contr\u00f4ler le chauffage et refroidissement \u00e0 distance ou d&rsquo;utiliser des commandes vocales, via notamment Amazon Alexa ou Google Assistant, et l&rsquo;appareil de mesure de la consommation (ce dernier \u00e9tant enti\u00e8rement gratuit).<\/p>\n\n\n\n<h3 class=\"wp-block-heading\">2. SOCIETE ORGANISATRICE<\/h3>\n\n\n\n<p>AIRZONE FRANCE, SARL, soci\u00e9t\u00e9 fran\u00e7aise, dont le si\u00e8ge social est sis 45 Rue de Villeneuve, 94150, Rungis (France). Fourni avec le num\u00e9ro SIRET 48924347700044, et le num\u00e9ro NAF 4674B.<\/p>\n\n\n\n<h3 class=\"wp-block-heading\">3. DESCRIPTION DE LA PROMOTION<\/h3>\n\n\n\n<p>L&rsquo;offre promotionnelle consiste en un tarif sp\u00e9cial de renouvellement pour les installations Airzone existantes. Ce tarif comprend le co\u00fbt du mat\u00e9riel \u00e0 remplacer : platines centrales, modules, thermostats et c\u00e2bles.<br><br>La main-d&rsquo;\u0153uvre n\u00e9cessaire au remplacement de ces composants n&rsquo;est pas incluse dans l&rsquo;offre promotionnelle. Son co\u00fbt doit \u00eatre estim\u00e9 par l&rsquo;entreprise d&rsquo;installation et d\u00e9pendra enti\u00e8rement de celle-ci.<br><br>Le prix final de renouvellement est calcul\u00e9 de la mani\u00e8re suivante :<br><br>PRIX DE RENOUVELLEMENT = PRIX CATALOGUE AIRZONE \u2013 REMISE PAR APPAREIL DE MESURE DE LA CONSOMMATION \u2013 VERSEMENT PAR THERMOSTAT<br><br>\u2022 Une remise de soixante-dix-huit (78) euros (taxes comprises) est appliqu\u00e9e pour chaque thermostat Airzone renouvel\u00e9 et retourn\u00e9 avec sa platine centrale \u00e9lectronique correspondante.<br><br>\u2022 De plus, nous d\u00e9duisons \u00e9galement le montant correspondant \u00e0 l\u2019appareil de mesure de la consommation.<br><br>Airzone appliquera cette remise directement \u00e0 son client professionnel (entreprise d&rsquo;installation ou distributeur). Ledit professionnel sera, \u00e0 son tour, charg\u00e9 de r\u00e9percuter la remise \u00e0 l&rsquo;utilisateur final.<\/p>\n\n\n\n<h3 class=\"wp-block-heading\">4.\u00c9LIGIBILIT\u00c9 \u00c0 LA PARTICIPATION<\/h3>\n\n\n\n<p>La promotion est ouverte aux personnes physiques et morales, majeures, r\u00e9sidant en France m\u00e9tropole, ayant un syst\u00e8me Airzone install\u00e9 et qui s\u2019inscrivent avant l\u2019installation du syst\u00e8me de la gamme actuelle pendant la p\u00e9riode de validit\u00e9.<\/p>\n\n\n\n<h3 class=\"wp-block-heading\">5.DUR\u00c9E DE LA PROMOTION<\/h3>\n\n\n\n<p>Valable du 1er janvier au 31 d\u00e9cembre 2026.<\/p>\n\n\n\n<h3 class=\"wp-block-heading\">6. MODALITES DE LA PROMOTION<\/h3>\n\n\n\n<p>6.1. La promotion est ouverte personnes physiques et morales, majeures, r\u00e9sidant en France m\u00e9tropole qui s\u2019inscrivent via le formulaire disponible sur https:\/\/www.airzonecontrol.com\/ff\/fr\/acheter\/plan-renov\/. Les participants devront fournir les informations suivantes :<br><br>\u2022 Pr\u00e9nom (obligatoire)<br>\u2022 Nom (obligatoire)<br>\u2022 E-mail (obligatoire)<br>\u2022 T\u00e9l\u00e9 phone<br>\u2022 Code postal (obligatoire)<br>\u2022 Pays (obligatoire)<br>\u2022 Le nom de leur installateur et son num\u00e9ro de t\u00e9l\u00e9phone (le cas \u00e9ch\u00e9ant) ou s\u00e9lectionner \u00ab Je n\u2019en ai pas, recommandez-en un \u00bb (obligatoire).<br>De plus, ils doivent accepter les bases juridiques de la promotion.<br><br>6.2. Apr\u00e8s l\u2019inscription, les b\u00e9n\u00e9 iciaires de la promotion recevront un e-mail avec le code promotionnel attribu\u00e9. Ils devront ensuite fournir ce code \u00e0 l\u2019installateur professionnel qui r\u00e9alisera l\u2019installation a in qu\u2019il puisse solliciter les conditions sp\u00e9ciales de cette promotion. La p\u00e9riode de validit\u00e9 du code du Plan R\u00e9nov\u2019 est de 8 semaines. Si le renouvellement n\u2019est pas effectu\u00e9 dans ce d\u00e9lai, la promotion pour ce code sera d\u00e9sactiv\u00e9e.<br><br>6.3. L\u2019installateur qui effectue le renouvellement sera choisi directement par l\u2019utilisateur. Dans le cas ou l\u2019utilisateur ne conna\u0131\u0302trait aucun installateur ou aurait besoin d\u2019aide pour faire son choix, Airzone lui fournira une liste d\u2019installateurs recommand\u00e9s sur la base des informations fournies dans le formulaire d\u2019inscription. Si l\u2019entreprise Airzone France SARL venait \u00e0 vous recommander un installateur, elle ne pourrait en aucune mesure \u00eatre tenue pour responsable d\u2019\u00e9ventuels probl\u00e8mes. Le client directe d\u2019Airzone doit acheter la totalit\u00e9 de la commande de renouvellement, \u00e0 savoir, tous les \u00e9l\u00e9ments qui la composent et compirs le WebServer Airzone Cloud correspondant, et \u00eatre \u00e0 jour dans ses paiements et ne pas faire l\u2019objet d\u2019un litige ou d\u2019u n diff\u00e9rend avec l\u2019entreprise.<br><br>6.4. L\u2019installateur, lors de l\u2019installation, retirera le mat\u00e9riel obsol\u00e8te et le retournera \u00e0 Airzone a in que les conditions \u00e9tablies dans cette promotion puissent \u00eatre appliqu\u00e9es. Dans le cas o\u00f9 le mat\u00e9riel n\u2019est pas retourn\u00e9, l\u2019entreprise d\u2019installation sera responsable de tout surco\u00fbt g\u00e9n\u00e9r\u00e9 en respectant le prix promotionnel communiqu\u00e9.<\/p>\n\n\n\n<h3 class=\"wp-block-heading\">7. PROTECTION DES DONNEES PERSONNELLES<\/h3>\n\n\n\n<p>Toutes les informations relatives au traitement de vos donn\u00e9es sont disponibles dans notre Politique de conidentialit\u00e9.<\/p>\n\n\n\n<h3 class=\"wp-block-heading\">8. DISPOSITIONS GENERALES<\/h3>\n\n\n\n<p>8.1. Tout participant qui enfreint l\u2019une des dispositions \u00e9nonc\u00e9es dans les pr\u00e9sentes bases juridiques perdra automatiquement tout droit de proiter de cette promotion et, le cas \u00e9ch\u00e9ant, sera soumis aux cons\u00e9quences juridiques pouvant d\u00e9couler de ses actes.<br><br>8.2. En participant \u00e0 la promotion, le participant accepte express\u00e9ment et sans r\u00e9serve les pr\u00e9sentes bases juridiques.<br><br>8.3. Cette promotion sera r\u00e9gie par la loi fran\u00e7aise, qui sera applicable dans toutes les mati\u00e8res non indiqu\u00e9es dans les pr\u00e9sentes bases juridiques, en mati\u00e8re d\u2019interpr\u00e9tation, de validit\u00e9 et d\u2019ex\u00e9cution de la promotion et de ses r\u00e8gles.<br><br>8.4. Pour toute controverse pouvant survenir dans l\u2019interpr\u00e9tation ou l\u2019application des pr\u00e9sentes bases juridiques et\/ou de la promotion, les participants, renon\u00e7ant express\u00e9ment \u00e0 toute autre juridiction qui pourrait leur correspondre, se soumettent express\u00e9ment aux cours et tribunaux de la ville de Paris.<br><br>Date de la derni\u00e8re mise \u00e0 jour : 28\/01\/2026<\/p>\n<\/div>\n","protected":false},"excerpt":{"rendered":"<p>PLAN DE RENOUVELLEMENT 1. NOM DE LAPROMOTION Plan de renouvellement. En plus de la remise de 78\u20ac TTC incluse par zone r\u00e9nov\u00e9e, votre syst\u00e8me b\u00e9n\u00e9ficiera d&rsquo;une qualit\u00e9 de l&rsquo;air optimale : AirQ Box + AirQ Sensor, la possibilit\u00e9 de contr\u00f4ler le chauffage et refroidissement \u00e0 distance ou d&rsquo;utiliser des commandes vocales, via notamment Amazon Alexa [&hellip;]<\/p>\n","protected":false},"author":2,"featured_media":0,"parent":0,"menu_order":0,"comment_status":"closed","ping_status":"closed","template":"page-legal-no-menu","meta":{"footnotes":""},"class_list":["post-603","page","type-page","status-publish","hentry"],"_links":{"self":[{"href":"https:\/\/legal.airzonecontrol.com\/fr\/wp-json\/wp\/v2\/pages\/603","targetHints":{"allow":["GET"]}}],"collection":[{"href":"https:\/\/legal.airzonecontrol.com\/fr\/wp-json\/wp\/v2\/pages"}],"about":[{"href":"https:\/\/legal.airzonecontrol.com\/fr\/wp-json\/wp\/v2\/types\/page"}],"author":[{"embeddable":true,"href":"https:\/\/legal.airzonecontrol.com\/fr\/wp-json\/wp\/v2\/users\/2"}],"replies":[{"embeddable":true,"href":"https:\/\/legal.airzonecontrol.com\/fr\/wp-json\/wp\/v2\/comments?post=603"}],"version-history":[{"count":2,"href":"https:\/\/legal.airzonecontrol.com\/fr\/wp-json\/wp\/v2\/pages\/603\/revisions"}],"predecessor-version":[{"id":605,"href":"https:\/\/legal.airzonecontrol.com\/fr\/wp-json\/wp\/v2\/pages\/603\/revisions\/605"}],"wp:attachment":[{"href":"https:\/\/legal.airzonecontrol.com\/fr\/wp-json\/wp\/v2\/media?parent=603"}],"curies":[{"name":"wp","href":"https:\/\/api.w.org\/{rel}","templated":true}]}}